{"id":213,"date":"2021-12-04T00:46:36","date_gmt":"2021-12-03T21:46:36","guid":{"rendered":"https:\/\/uroloogrusman.ee\/?page_id=213"},"modified":"2021-12-04T00:46:37","modified_gmt":"2021-12-03T21:46:37","slug":"tietosuojaseloste","status":"publish","type":"page","link":"https:\/\/uroloogrusman.ee\/fi\/tietosuojaseloste\/","title":{"rendered":"Tietosuojaseloste"},"content":{"rendered":"\n<p>Ev\u00e4stek\u00e4yt\u00e4nn\u00f6t, salassapitovelvollisuus ja tietosuojaseloste.<\/p>\n\n\n\n<p>Salassapitovelvollisuus koskee henkil\u00f6kohtaisia tietoja (mm. nimi, osoite, henkil\u00f6tunnus, pankkikortin numero, s\u00e4hk\u00f6postiosoite jne.) sek\u00e4 n\u00e4iden tietojen ker\u00e4\u00e4mist\u00e4 ja s\u00e4ilytt\u00e4mist\u00e4.<\/p>\n\n\n\n<p>Henkil\u00f6kohtaisilla tiedoilla tarkoitetaan kaikkia asiakkaita koskevia tietoja. Tiedot asiakaspalveluista ja myynnist\u00e4, jotka tulevat esiin raporteista (esim. selaimen tyyppi, IP-osoite jne.) eiv\u00e4t ole henkil\u00f6kohtaisia tietoja, eiv\u00e4tk\u00e4 ne liity suoranaisesti tiettyyn henkil\u00f6\u00f6n.<\/p>\n\n\n\n<p>Kaikkia meille j\u00e4tettyj\u00e4 henkil\u00f6kohtaisia tietoja k\u00e4ytet\u00e4\u00e4n ainoastaan meid\u00e4n v\u00e4lisess\u00e4 yhteisty\u00f6ss\u00e4. Kaikkia nimett\u00f6mi\u00e4 tietoja (ei henkil\u00f6kohtaisia) ker\u00e4t\u00e4\u00e4n nettisivujen parantamiseksi, sen tuottavuuden ja tehokkuuden lis\u00e4\u00e4miseksi. N\u00e4it\u00e4 tietoja k\u00e4ytet\u00e4\u00e4n asiakaspalvelun parantamiseksi, nettisivujen k\u00e4yt\u00f6n helpottamiseksi sek\u00e4 aineiston t\u00e4ydent\u00e4miseksi.<\/p>\n\n\n\n<p>Mit\u00e4 tietoja ker\u00e4t\u00e4\u00e4n<\/p>\n\n\n\n<p>Nettisivuilla vierailun aikana teit\u00e4 saatetaan pyyt\u00e4\u00e4 esitt\u00e4m\u00e4\u00e4n meille seuraavia henkil\u00f6tietoja: nimi, s\u00e4hk\u00f6postiosoite.<\/p>\n\n\n\n<p>Blogi sivuston parantamiseksi k\u00e4ytt\u00e4mme ulkoista palveluntarjojaa, joka vastaa nettisivustomme laadusta, ker\u00e4\u00e4 tietoja k\u00e4vij\u00e4m\u00e4\u00e4r\u00e4st\u00e4, uusista asiakkaista ja k\u00e4vij\u00f6iden k\u00e4rkiluvuista. Emme k\u00e4yt\u00e4 t\u00e4t\u00e4 palvelinta henkil\u00f6kohtaisten tietojen, kuten nimien, osoitteiden tai henkil\u00f6tunnusten ker\u00e4\u00e4miseen tai tallentamiseen.<\/p>\n\n\n\n<p>Ev\u00e4steet (cookies)<\/p>\n\n\n\n<p>Blogi verkkosivuilla k\u00e4ytet\u00e4\u00e4n ev\u00e4steit\u00e4 ja muita vastaavia tekniikoita palveluiden kehitt\u00e4miseen, k\u00e4ytt\u00e4ji\u00e4 kiinnostavien sis\u00e4lt\u00f6jen suosittelemiseen, palveluiden personointiin. Haluamme ev\u00e4steiden avulla tarjota sinulle paremman ja henkil\u00f6kohtaisemman asiakaskokemuksen.<\/p>\n\n\n\n<p>Ev\u00e4steet mahdollistavat lyhyen tekstimuotoisen tiedon, kuten selaintunnisteen tai kielivalinnan tallentamisen k\u00e4ytt\u00e4j\u00e4n selaimeen. Selkeyden vuoksi termill\u00e4 \u201dev\u00e4ste\u201d viitataan t\u00e4ss\u00e4 selos-teessa varsinaisten ev\u00e4steiden rinnalla my\u00f6s muihin vastaaviin tallennustekniikoihin.<\/p>\n\n\n\n<p>Blogin verkkosivustolla k\u00e4ytet\u00e4\u00e4n niin kutsuttuja istuntoev\u00e4steit\u00e4 ja pysyvi\u00e4 ev\u00e4steit\u00e4. Istuntoev\u00e4steet tuhoutuvat automaattisesti, kun selain suljetaan. Pysyv\u00e4t ev\u00e4steet s\u00e4ilyv\u00e4t p\u00e4\u00e4telaitteella, kunnes ne erikseen poistetaan tai niiden voimassaolo p\u00e4\u00e4ttyy.<\/p>\n\n\n\n<p>2. Ev\u00e4steiden avulla ker\u00e4tt\u00e4v\u00e4t tiedot<\/p>\n\n\n\n<p>k\u00e4ytett\u00e4v\u00e4st\u00e4 laitteesta tai sovelluksesta ker\u00e4tt\u00e4v\u00e4t tiedot, kuten selainversio, laitetyyppi, ruudun koko, n\u00e4yt\u00f6n tarkkuus ja k\u00e4ytt\u00f6j\u00e4rjestelm\u00e4, IP-osoite<\/p>\n\n\n\n<p>tiedot verkkopalveluiden k\u00e4yt\u00f6st\u00e4, kuten tiedot sivulatauksista, verkkopalveluissa vietetyst\u00e4 ajankohdasta ja kestosta, verkkopalveluissa liikkumisesta tai n\u00e4hdyist\u00e4 mainos- tai markkinointisis\u00e4ll\u00f6ist\u00e4<\/p>\n\n\n\n<p>tiedot asiakas- tai markkinointiviestinn\u00e4n kautta avatuista verkkosivuista<\/p>\n\n\n\n<p>3. Ev\u00e4steiden k\u00e4ytt\u00f6tarkoitukset<\/p>\n\n\n\n<p>Osa ev\u00e4steist\u00e4 on sivuston toiminnan kannalta v\u00e4ltt\u00e4m\u00e4tt\u00f6mi\u00e4. Ne mahdollistavat erilaisia toiminnollisuuksia, kuten sis\u00e4\u00e4nkirjautumisen, ostoskorin ja erilaiset sivustokohtaiset asetukset. V\u00e4ltt\u00e4m\u00e4tt\u00f6miksi ev\u00e4steiksi katsomme my\u00f6s ne ev\u00e4steet, jotka mahdollistavat esimerkiksi sis\u00e4ll\u00f6n jakamisen sosiaaliseen mediaan, erilaiset sis\u00e4lt\u00f6upotukset, mainosten ja sis\u00e4ll\u00f6n teknisen jakelun, tietoturvan takaamisen sek\u00e4 v\u00e4\u00e4rink\u00e4yt\u00f6sten ehk\u00e4isyn ja virheiden korjaamisen. N\u00e4m\u00e4 ev\u00e4steet ovat k\u00e4yt\u00f6ss\u00e4 aina.<\/p>\n\n\n\n<p>4. K\u00e4ytt\u00e4j\u00e4n mahdollisuudet vaikuttaa<\/p>\n\n\n\n<p>Sinulla on useita mahdollisuuksia vaikuttaa ev\u00e4steiden k\u00e4ytt\u00f6\u00f6n. Huomaathan kuitenkin, ett\u00e4 useissa tapauksissa ev\u00e4steiden k\u00e4yt\u00f6n rajoittaminen heikent\u00e4\u00e4 verkkopalveluiden laatua tai jopa est\u00e4\u00e4 joidenkin ominaisuuksien k\u00e4yt\u00f6n.<\/p>\n\n\n\n<p>Alla kuvattu tar\u00adkem\u00admin vai\u00adku\u00adtus\u00admah\u00addol\u00adli\u00adsuuk\u00adsia:<\/p>\n\n\n\n<p>Ev\u00e4stety\u00f6kalu: Voit Blogin ev\u00e4stety\u00f6kalun avulla antaa ev\u00e4steisiin suostumuksen, olla antamatta suostumusta, peruuttaa antamasi suostumuksen tai vastustaa tietty\u00e4 oikeutettuun etuun perustuvaa k\u00e4sittely\u00e4.<\/p>\n\n\n\n<p>Ev\u00e4steiden est\u00e4minen tai tyhjent\u00e4minen: Voit vaikuttaa ev\u00e4steiden k\u00e4sittelyyn k\u00e4ytt\u00e4m\u00e4si selaimen tai laitteen ev\u00e4steasetusten kautta.<\/p>\n\n\n\n<p>5. Kolmannet osapuolet<\/p>\n\n\n\n<p>A-lehtien verkkopalveluissa on A-lehtien ev\u00e4steiden lis\u00e4ksi k\u00e4yt\u00f6ss\u00e4 kolmansien osapuolien, kuten mittauspalveluiden tarjoajien, mainosteknologiatoimittajien sek\u00e4 sosiaalisen median pal-veluiden, ev\u00e4steit\u00e4. Osa kumppaneista k\u00e4sittelee ev\u00e4stetunnisteita ja niihin liittyvi\u00e4 sivuston k\u00e4ytt\u00f6tietoja rekisterinpit\u00e4jin\u00e4, ja m\u00e4\u00e4rittelee siten henkil\u00f6tietojen k\u00e4ytt\u00f6tarkoitukset ja keinot.<\/p>\n\n\n\n<p>P\u00e4\u00e4asiallisesti k\u00e4ytt\u00e4m\u00e4mme kumppanit sek\u00e4 lis\u00e4tietoja niiden tietojen k\u00e4sittelyst\u00e4 on listattu ev\u00e4stety\u00f6kalussa, mutta nostamme alla esiin muutamia esimerkkej\u00e4:<\/p>\n\n\n\n<p>Google Analytics: K\u00e4yt\u00e4mme palveluissamme mm. Google Inc.:n tarjoamaa verkkoanalytiikkapalvelua Google Analyticsi\u00e4 analysoidaksemme verkkosivustojemme k\u00e4ytt\u00f6\u00e4 sek\u00e4 kehitt\u00e4\u00e4ksemme verkkosivustojamme k\u00e4ytt\u00e4ji\u00e4 yh\u00e4 paremmin palvelevaksi. K\u00e4yt\u00f6ss\u00e4mme on my\u00f6s Google Analytics mainontaominaisuuksia (uudelleenmarkkinointi, samankaltaiset yleis\u00f6t \u2013palvelu, Google Display \u2013verkoston n\u00e4ytt\u00f6kertaraportointi, Google Analyticsin kohderyhm\u00e4tietojen ja aihepiirien raportointi sek\u00e4 Google Analyticsin User ID -tunnisteominaisuudet). Googlen ty\u00f6kalujen k\u00e4ytt\u00e4miin ev\u00e4steisiin tallennettavat tiedot (esimerkiksi pseudonymisoidut IP-osoitteet) l\u00e4hetet\u00e4\u00e4n edelleen tallennettaviksi Googlen palvelimiin eri puolilla maailmaa. T\u00e4st\u00e4 johtuen kyseisi\u00e4 tietoja voidaan k\u00e4sitell\u00e4 palvelimilla, jotka sijaitsevat muualla kuin k\u00e4ytt\u00e4j\u00e4n asuinmaassa. Saamiensa tietojen avulla Google arvioi k\u00e4ytt\u00e4j\u00e4n tapaa selata sivujen sis\u00e4lt\u00f6\u00e4 ja laatii yhteenvetoraportteja sivuston k\u00e4yt\u00f6st\u00e4. Lis\u00e4ksi Google laatii selvityksi\u00e4 sivustojen yhteydess\u00e4 tarjottavista palveluista ja tuottaa internetin k\u00e4ytt\u00f6\u00e4 koskevia tilastoja. Google voi my\u00f6s mukauttaa k\u00e4ytt\u00e4jille n\u00e4kyvien mainosten sis\u00e4lt\u00f6\u00e4 aiemman selaushistorian perusteella. Google voi my\u00f6s v\u00e4litt\u00e4\u00e4 tietoja kolmansille osapuolille, jos lains\u00e4\u00e4d\u00e4nt\u00f6 sit\u00e4 edellytt\u00e4\u00e4, tai tapauksissa, joissa kolmas osapuoli k\u00e4sittelee tietoa Googlen toimeksiannosta. asentaa selaimeesi lis\u00e4osan mik\u00e4 est\u00e4\u00e4 Google Analytics -tietojen tallentamisen. Lis\u00e4osan saat t\u00e4st\u00e4: <a href=\"http:\/\/tools.google.com\/dlpage\/gaoptout?hl=fi\">http:\/\/tools.google.com\/dlpage\/gaoptout?hl=fi<\/a><\/p>\n\n\n\n<p>Facebook: A-lehdet k\u00e4ytt\u00e4\u00e4 Facabookin tarjoamia datavetoisia mahdollisuuksia tuotteiden ja palveluiden markkinointiin. A-lehtien sivustolle asetetutun Facebook-pikselin avulla ker\u00e4t\u00e4\u00e4n tietoa verkkosivun k\u00e4vij\u00f6ist\u00e4, jotta A-lehdet voi tavoittaa n\u00e4m\u00e4 k\u00e4vij\u00e4t tulevilla Facebook -mainoksillaan uudelleen. Pikselin lis\u00e4ksi k\u00e4yt\u00f6ss\u00e4mme on konversio-API -ty\u00f6kalu, jonka avulla voimme jakaa verkko- ja offline-tapahtumia eli asiakkaidemme toimintoja suoraan palvelimeltamme Facebookin palvelimelle. Palvelintapahtumia voidaan yhdist\u00e4\u00e4 Facebookin pikseliin sek\u00e4 auttaa n\u00e4in parantamaan Facebook-mainoskampanjoiden tehokkuutta ja analysointia. Mainontaa voidaan kohdentaa my\u00f6s k\u00e4ytt\u00e4j\u00e4n asiakastietojen (kuten i\u00e4n tai asuinpaikan) perusteella. Asiakastiedot l\u00e4hetet\u00e4\u00e4n Facebookille ja Facebook k\u00e4sittelee niit\u00e4 aina hajautetussa muodossa k\u00e4ytt\u00e4j\u00e4n yksityisyyden varmistamiseksi. Facebook-pikseli\u00e4 tai konversio-API -ty\u00f6kalua ei k\u00e4ytet\u00e4, jos k\u00e4ytt\u00e4j\u00e4 ei ole antanut suostumusta Facebookin ev\u00e4steiden k\u00e4ytt\u00f6\u00f6n joko hyv\u00e4ksym\u00e4ll\u00e4 kaikki ev\u00e4steet tai sallimalla erityisesti Facebookin ev\u00e4steiden k\u00e4yt\u00f6n. Lis\u00e4tietoja saat Facebookin sivuilta: <a href=\"http:\/\/www.facebook.com\/help\/109378269482053\/?helpref=uf_share\">http:\/\/www.facebook.com\/help\/109378269482053\/?helpref=uf_share<\/a><\/p>\n\n\n\n<p>6. Muutokset ev\u00e4stek\u00e4yt\u00e4nt\u00f6ihin<\/p>\n\n\n\n<p>Varaamme oikeuden p\u00e4ivitt\u00e4\u00e4 ev\u00e4stek\u00e4yt\u00e4nt\u00f6j\u00e4 esimerkiksi palveluiden kehityksen tai pakotta-van lains\u00e4\u00e4d\u00e4nn\u00f6n vuoksi. Ev\u00e4stek\u00e4yt\u00e4nt\u00f6jen muutoksista ja p\u00e4ivityksist\u00e4 tiedotetaan palve-luissamme. Suosittelemme tutustumaan ev\u00e4stek\u00e4yt\u00e4nt\u00f6jen sis\u00e4lt\u00f6\u00f6n s\u00e4\u00e4nn\u00f6llisesti.<\/p>\n","protected":false},"excerpt":{"rendered":"<p>Ev\u00e4stek\u00e4yt\u00e4nn\u00f6t, salassapitovelvollisuus ja tietosuojaseloste. Salassapitovelvollisuus koskee henkil\u00f6kohtaisia tietoja (mm. nimi, osoite, henkil\u00f6tunnus, pankkikortin numero, s\u00e4hk\u00f6postiosoite jne.) sek\u00e4 n\u00e4iden tietojen ker\u00e4\u00e4mist\u00e4 ja s\u00e4ilytt\u00e4mist\u00e4. Henkil\u00f6kohtaisilla tiedoilla tarkoitetaan kaikkia asiakkaita koskevia tietoja. Tiedot asiakaspalveluista ja myynnist\u00e4, jotka tulevat esiin raporteista (esim. selaimen tyyppi, IP-osoite jne.) eiv\u00e4t ole henkil\u00f6kohtaisia tietoja, eiv\u00e4tk\u00e4 ne liity suoranaisesti tiettyyn henkil\u00f6\u00f6n. Kaikkia meille j\u00e4tettyj\u00e4 [&hellip;]<\/p>\n","protected":false},"author":1,"featured_media":0,"parent":0,"menu_order":0,"comment_status":"closed","ping_status":"closed","template":"","meta":{"_monsterinsights_skip_tracking":false,"_monsterinsights_sitenote_active":false,"_monsterinsights_sitenote_note":"","_monsterinsights_sitenote_category":0,"footnotes":""},"class_list":["post-213","page","type-page","status-publish","hentry"],"aioseo_notices":[],"_links":{"self":[{"href":"https:\/\/uroloogrusman.ee\/fi\/wp-json\/wp\/v2\/pages\/213","targetHints":{"allow":["GET"]}}],"collection":[{"href":"https:\/\/uroloogrusman.ee\/fi\/wp-json\/wp\/v2\/pages"}],"about":[{"href":"https:\/\/uroloogrusman.ee\/fi\/wp-json\/wp\/v2\/types\/page"}],"author":[{"embeddable":true,"href":"https:\/\/uroloogrusman.ee\/fi\/wp-json\/wp\/v2\/users\/1"}],"replies":[{"embeddable":true,"href":"https:\/\/uroloogrusman.ee\/fi\/wp-json\/wp\/v2\/comments?post=213"}],"version-history":[{"count":1,"href":"https:\/\/uroloogrusman.ee\/fi\/wp-json\/wp\/v2\/pages\/213\/revisions"}],"predecessor-version":[{"id":214,"href":"https:\/\/uroloogrusman.ee\/fi\/wp-json\/wp\/v2\/pages\/213\/revisions\/214"}],"wp:attachment":[{"href":"https:\/\/uroloogrusman.ee\/fi\/wp-json\/wp\/v2\/media?parent=213"}],"curies":[{"name":"wp","href":"https:\/\/api.w.org\/{rel}","templated":true}]}}